{"id":445,"date":"2017-10-11T14:01:23","date_gmt":"2017-10-11T12:01:23","guid":{"rendered":"https:\/\/www.a-project.be\/home\/"},"modified":"2023-04-18T16:05:24","modified_gmt":"2023-04-18T14:05:24","slug":"home","status":"publish","type":"page","link":"https:\/\/www.a-project.be\/fr\/","title":{"rendered":"Accueil"},"content":{"rendered":"","protected":false},"excerpt":{"rendered":"","protected":false},"author":1,"featured_media":208,"parent":0,"menu_order":0,"comment_status":"closed","ping_status":"closed","template":"","meta":{"_acf_changed":false,"footnotes":""},"class_list":["post-445","page","type-page","status-publish","has-post-thumbnail","hentry"],"acf":[],"yoast_head":"<!-- This site is optimized with the Yoast SEO plugin v27.3 - https:\/\/yoast.com\/product\/yoast-seo-wordpress\/ -->\n<title>Flooring and Interiors | A Project<\/title>\n<meta name=\"description\" content=\"Qu\u2019il s\u2019agisse de votre maison ou de votre bureau, un int\u00e9rieur doit \u00eatre confortable, \u00e0 la fois en termes de mat\u00e9riaux, d\u2019am\u00e9nagement et d\u2019acoustique. C\u2019est pourquoi nous optons toujours pour des mat\u00e9riaux durables soigneusement test\u00e9s et install\u00e9s dans les r\u00e8gles de l\u2019art.\" \/>\n<meta name=\"robots\" content=\"index, follow, max-snippet:-1, max-image-preview:large, max-video-preview:-1\" \/>\n<link rel=\"canonical\" href=\"https:\/\/www.a-project.be\/fr\/\" \/>\n<meta property=\"og:locale\" content=\"fr_FR\" \/>\n<meta property=\"og:type\" content=\"article\" \/>\n<meta property=\"og:title\" content=\"Flooring and Interiors | A Project\" \/>\n<meta property=\"og:description\" content=\"Qu\u2019il s\u2019agisse de votre maison ou de votre bureau, un int\u00e9rieur doit \u00eatre confortable, \u00e0 la fois en termes de mat\u00e9riaux, d\u2019am\u00e9nagement et d\u2019acoustique. C\u2019est pourquoi nous optons toujours pour des mat\u00e9riaux durables soigneusement test\u00e9s et install\u00e9s dans les r\u00e8gles de l\u2019art.\" \/>\n<meta property=\"og:url\" content=\"https:\/\/www.a-project.be\/fr\/\" \/>\n<meta property=\"og:site_name\" content=\"A Project\" \/>\n<meta property=\"article:modified_time\" content=\"2023-04-18T14:05:24+00:00\" \/>\n<meta property=\"og:image\" content=\"https:\/\/www.a-project.be\/wp-content\/uploads\/2018\/01\/pexels-photo-276724-e1516810736208.jpeg\" \/>\n\t<meta property=\"og:image:width\" content=\"1900\" \/>\n\t<meta property=\"og:image:height\" content=\"1069\" \/>\n\t<meta property=\"og:image:type\" content=\"image\/jpeg\" \/>\n<meta name=\"twitter:card\" content=\"summary_large_image\" \/>\n<script type=\"application\/ld+json\" class=\"yoast-schema-graph\">{\"@context\":\"https:\\\/\\\/schema.org\",\"@graph\":[{\"@type\":\"WebPage\",\"@id\":\"https:\\\/\\\/www.a-project.be\\\/fr\\\/\",\"url\":\"https:\\\/\\\/www.a-project.be\\\/fr\\\/\",\"name\":\"Flooring and Interiors | A Project\",\"isPartOf\":{\"@id\":\"https:\\\/\\\/www.a-project.be\\\/#website\"},\"primaryImageOfPage\":{\"@id\":\"https:\\\/\\\/www.a-project.be\\\/fr\\\/#primaryimage\"},\"image\":{\"@id\":\"https:\\\/\\\/www.a-project.be\\\/fr\\\/#primaryimage\"},\"thumbnailUrl\":\"https:\\\/\\\/www.a-project.be\\\/wp-content\\\/uploads\\\/2018\\\/01\\\/pexels-photo-276724-e1516810736208.jpeg\",\"datePublished\":\"2017-10-11T12:01:23+00:00\",\"dateModified\":\"2023-04-18T14:05:24+00:00\",\"description\":\"Qu\u2019il s\u2019agisse de votre maison ou de votre bureau, un int\u00e9rieur doit \u00eatre confortable, \u00e0 la fois en termes de mat\u00e9riaux, d\u2019am\u00e9nagement et d\u2019acoustique. C\u2019est pourquoi nous optons toujours pour des mat\u00e9riaux durables soigneusement test\u00e9s et install\u00e9s dans les r\u00e8gles de l\u2019art.\",\"breadcrumb\":{\"@id\":\"https:\\\/\\\/www.a-project.be\\\/fr\\\/#breadcrumb\"},\"inLanguage\":\"fr-FR\",\"potentialAction\":[{\"@type\":\"ReadAction\",\"target\":[\"https:\\\/\\\/www.a-project.be\\\/fr\\\/\"]}]},{\"@type\":\"ImageObject\",\"inLanguage\":\"fr-FR\",\"@id\":\"https:\\\/\\\/www.a-project.be\\\/fr\\\/#primaryimage\",\"url\":\"https:\\\/\\\/www.a-project.be\\\/wp-content\\\/uploads\\\/2018\\\/01\\\/pexels-photo-276724-e1516810736208.jpeg\",\"contentUrl\":\"https:\\\/\\\/www.a-project.be\\\/wp-content\\\/uploads\\\/2018\\\/01\\\/pexels-photo-276724-e1516810736208.jpeg\",\"width\":1900,\"height\":1069},{\"@type\":\"BreadcrumbList\",\"@id\":\"https:\\\/\\\/www.a-project.be\\\/fr\\\/#breadcrumb\",\"itemListElement\":[{\"@type\":\"ListItem\",\"position\":1,\"name\":\"Home\",\"item\":\"https:\\\/\\\/www.a-project.be\\\/fr\\\/\"},{\"@type\":\"ListItem\",\"position\":2,\"name\":\"Accueil\"}]},{\"@type\":\"WebSite\",\"@id\":\"https:\\\/\\\/www.a-project.be\\\/#website\",\"url\":\"https:\\\/\\\/www.a-project.be\\\/\",\"name\":\"A Project\",\"description\":\"Flooring and Interiors\",\"publisher\":{\"@id\":\"https:\\\/\\\/www.a-project.be\\\/#organization\"},\"potentialAction\":[{\"@type\":\"SearchAction\",\"target\":{\"@type\":\"EntryPoint\",\"urlTemplate\":\"https:\\\/\\\/www.a-project.be\\\/?s={search_term_string}\"},\"query-input\":{\"@type\":\"PropertyValueSpecification\",\"valueRequired\":true,\"valueName\":\"search_term_string\"}}],\"inLanguage\":\"fr-FR\"},{\"@type\":\"Organization\",\"@id\":\"https:\\\/\\\/www.a-project.be\\\/#organization\",\"name\":\"A Project\",\"url\":\"https:\\\/\\\/www.a-project.be\\\/\",\"logo\":{\"@type\":\"ImageObject\",\"inLanguage\":\"fr-FR\",\"@id\":\"https:\\\/\\\/www.a-project.be\\\/#\\\/schema\\\/logo\\\/image\\\/\",\"url\":\"https:\\\/\\\/www.a-project.be\\\/wp-content\\\/uploads\\\/2018\\\/01\\\/Aproject_logo_RGB.jpg\",\"contentUrl\":\"https:\\\/\\\/www.a-project.be\\\/wp-content\\\/uploads\\\/2018\\\/01\\\/Aproject_logo_RGB.jpg\",\"width\":3509,\"height\":2481,\"caption\":\"A Project\"},\"image\":{\"@id\":\"https:\\\/\\\/www.a-project.be\\\/#\\\/schema\\\/logo\\\/image\\\/\"}}]}<\/script>\n<!-- \/ Yoast SEO plugin. -->","yoast_head_json":{"title":"Flooring and Interiors | A Project","description":"Qu\u2019il s\u2019agisse de votre maison ou de votre bureau, un int\u00e9rieur doit \u00eatre confortable, \u00e0 la fois en termes de mat\u00e9riaux, d\u2019am\u00e9nagement et d\u2019acoustique. C\u2019est pourquoi nous optons toujours pour des mat\u00e9riaux durables soigneusement test\u00e9s et install\u00e9s dans les r\u00e8gles de l\u2019art.","robots":{"index":"index","follow":"follow","max-snippet":"max-snippet:-1","max-image-preview":"max-image-preview:large","max-video-preview":"max-video-preview:-1"},"canonical":"https:\/\/www.a-project.be\/fr\/","og_locale":"fr_FR","og_type":"article","og_title":"Flooring and Interiors | A Project","og_description":"Qu\u2019il s\u2019agisse de votre maison ou de votre bureau, un int\u00e9rieur doit \u00eatre confortable, \u00e0 la fois en termes de mat\u00e9riaux, d\u2019am\u00e9nagement et d\u2019acoustique. C\u2019est pourquoi nous optons toujours pour des mat\u00e9riaux durables soigneusement test\u00e9s et install\u00e9s dans les r\u00e8gles de l\u2019art.","og_url":"https:\/\/www.a-project.be\/fr\/","og_site_name":"A Project","article_modified_time":"2023-04-18T14:05:24+00:00","og_image":[{"width":1900,"height":1069,"url":"https:\/\/www.a-project.be\/wp-content\/uploads\/2018\/01\/pexels-photo-276724-e1516810736208.jpeg","type":"image\/jpeg"}],"twitter_card":"summary_large_image","schema":{"@context":"https:\/\/schema.org","@graph":[{"@type":"WebPage","@id":"https:\/\/www.a-project.be\/fr\/","url":"https:\/\/www.a-project.be\/fr\/","name":"Flooring and Interiors | A Project","isPartOf":{"@id":"https:\/\/www.a-project.be\/#website"},"primaryImageOfPage":{"@id":"https:\/\/www.a-project.be\/fr\/#primaryimage"},"image":{"@id":"https:\/\/www.a-project.be\/fr\/#primaryimage"},"thumbnailUrl":"https:\/\/www.a-project.be\/wp-content\/uploads\/2018\/01\/pexels-photo-276724-e1516810736208.jpeg","datePublished":"2017-10-11T12:01:23+00:00","dateModified":"2023-04-18T14:05:24+00:00","description":"Qu\u2019il s\u2019agisse de votre maison ou de votre bureau, un int\u00e9rieur doit \u00eatre confortable, \u00e0 la fois en termes de mat\u00e9riaux, d\u2019am\u00e9nagement et d\u2019acoustique. C\u2019est pourquoi nous optons toujours pour des mat\u00e9riaux durables soigneusement test\u00e9s et install\u00e9s dans les r\u00e8gles de l\u2019art.","breadcrumb":{"@id":"https:\/\/www.a-project.be\/fr\/#breadcrumb"},"inLanguage":"fr-FR","potentialAction":[{"@type":"ReadAction","target":["https:\/\/www.a-project.be\/fr\/"]}]},{"@type":"ImageObject","inLanguage":"fr-FR","@id":"https:\/\/www.a-project.be\/fr\/#primaryimage","url":"https:\/\/www.a-project.be\/wp-content\/uploads\/2018\/01\/pexels-photo-276724-e1516810736208.jpeg","contentUrl":"https:\/\/www.a-project.be\/wp-content\/uploads\/2018\/01\/pexels-photo-276724-e1516810736208.jpeg","width":1900,"height":1069},{"@type":"BreadcrumbList","@id":"https:\/\/www.a-project.be\/fr\/#breadcrumb","itemListElement":[{"@type":"ListItem","position":1,"name":"Home","item":"https:\/\/www.a-project.be\/fr\/"},{"@type":"ListItem","position":2,"name":"Accueil"}]},{"@type":"WebSite","@id":"https:\/\/www.a-project.be\/#website","url":"https:\/\/www.a-project.be\/","name":"A Project","description":"Flooring and Interiors","publisher":{"@id":"https:\/\/www.a-project.be\/#organization"},"potentialAction":[{"@type":"SearchAction","target":{"@type":"EntryPoint","urlTemplate":"https:\/\/www.a-project.be\/?s={search_term_string}"},"query-input":{"@type":"PropertyValueSpecification","valueRequired":true,"valueName":"search_term_string"}}],"inLanguage":"fr-FR"},{"@type":"Organization","@id":"https:\/\/www.a-project.be\/#organization","name":"A Project","url":"https:\/\/www.a-project.be\/","logo":{"@type":"ImageObject","inLanguage":"fr-FR","@id":"https:\/\/www.a-project.be\/#\/schema\/logo\/image\/","url":"https:\/\/www.a-project.be\/wp-content\/uploads\/2018\/01\/Aproject_logo_RGB.jpg","contentUrl":"https:\/\/www.a-project.be\/wp-content\/uploads\/2018\/01\/Aproject_logo_RGB.jpg","width":3509,"height":2481,"caption":"A Project"},"image":{"@id":"https:\/\/www.a-project.be\/#\/schema\/logo\/image\/"}}]}},"_links":{"self":[{"href":"https:\/\/www.a-project.be\/fr\/wp-json\/wp\/v2\/pages\/445","targetHints":{"allow":["GET"]}}],"collection":[{"href":"https:\/\/www.a-project.be\/fr\/wp-json\/wp\/v2\/pages"}],"about":[{"href":"https:\/\/www.a-project.be\/fr\/wp-json\/wp\/v2\/types\/page"}],"author":[{"embeddable":true,"href":"https:\/\/www.a-project.be\/fr\/wp-json\/wp\/v2\/users\/1"}],"replies":[{"embeddable":true,"href":"https:\/\/www.a-project.be\/fr\/wp-json\/wp\/v2\/comments?post=445"}],"version-history":[{"count":8,"href":"https:\/\/www.a-project.be\/fr\/wp-json\/wp\/v2\/pages\/445\/revisions"}],"predecessor-version":[{"id":730,"href":"https:\/\/www.a-project.be\/fr\/wp-json\/wp\/v2\/pages\/445\/revisions\/730"}],"wp:featuredmedia":[{"embeddable":true,"href":"https:\/\/www.a-project.be\/fr\/wp-json\/wp\/v2\/media\/208"}],"wp:attachment":[{"href":"https:\/\/www.a-project.be\/fr\/wp-json\/wp\/v2\/media?parent=445"}],"curies":[{"name":"wp","href":"https:\/\/api.w.org\/{rel}","templated":true}]}}