{"id":675,"date":"2023-01-02T09:51:31","date_gmt":"2023-01-02T08:51:31","guid":{"rendered":"https:\/\/www.a-project.be\/?page_id=675"},"modified":"2023-10-24T08:40:53","modified_gmt":"2023-10-24T06:40:53","slug":"dalles-de-tapis-bruxelles","status":"publish","type":"page","link":"https:\/\/www.a-project.be\/fr\/dalles-de-tapis-bruxelles\/","title":{"rendered":"Dalles de tapis \u00e0 Bruxelles"},"content":{"rendered":"","protected":false},"excerpt":{"rendered":"","protected":false},"author":2,"featured_media":610,"parent":0,"menu_order":0,"comment_status":"closed","ping_status":"closed","template":"template-service-single.php","meta":{"_acf_changed":false,"footnotes":""},"class_list":["post-675","page","type-page","status-publish","has-post-thumbnail","hentry"],"acf":[],"yoast_head":"<!-- This site is optimized with the Yoast SEO plugin v27.3 - https:\/\/yoast.com\/product\/yoast-seo-wordpress\/ -->\n<title>Des dalles de tapis pour votre bureau \u00e0 Bruxelles | A Project<\/title>\n<meta name=\"description\" content=\"Nous fournissons plusieurs types de dalles de tapis pour votre bureau \u00e0 Bruxelles. D\u00e9couvrez tous nos services et profitez de nos services.\" \/>\n<meta name=\"robots\" content=\"index, follow, max-snippet:-1, max-image-preview:large, max-video-preview:-1\" \/>\n<link rel=\"canonical\" href=\"https:\/\/www.a-project.be\/fr\/dalles-de-tapis-bruxelles\/\" \/>\n<meta property=\"og:locale\" content=\"fr_FR\" \/>\n<meta property=\"og:type\" content=\"article\" \/>\n<meta property=\"og:title\" content=\"Des dalles de tapis pour votre bureau \u00e0 Bruxelles | A Project\" \/>\n<meta property=\"og:description\" content=\"Nous fournissons plusieurs types de dalles de tapis pour votre bureau \u00e0 Bruxelles. D\u00e9couvrez tous nos services et profitez de nos services.\" \/>\n<meta property=\"og:url\" content=\"https:\/\/www.a-project.be\/fr\/dalles-de-tapis-bruxelles\/\" \/>\n<meta property=\"og:site_name\" content=\"A Project\" \/>\n<meta property=\"article:modified_time\" content=\"2023-10-24T06:40:53+00:00\" \/>\n<meta property=\"og:image\" content=\"https:\/\/www.a-project.be\/wp-content\/uploads\/2018\/05\/Over-A-project-bovenaan.jpg\" \/>\n\t<meta property=\"og:image:width\" content=\"1620\" \/>\n\t<meta property=\"og:image:height\" content=\"1080\" \/>\n\t<meta property=\"og:image:type\" content=\"image\/jpeg\" \/>\n<meta name=\"twitter:card\" content=\"summary_large_image\" \/>\n<script type=\"application\/ld+json\" class=\"yoast-schema-graph\">{\"@context\":\"https:\\\/\\\/schema.org\",\"@graph\":[{\"@type\":\"WebPage\",\"@id\":\"https:\\\/\\\/www.a-project.be\\\/fr\\\/dalles-de-tapis-bruxelles\\\/\",\"url\":\"https:\\\/\\\/www.a-project.be\\\/fr\\\/dalles-de-tapis-bruxelles\\\/\",\"name\":\"Des dalles de tapis pour votre bureau \u00e0 Bruxelles | A Project\",\"isPartOf\":{\"@id\":\"https:\\\/\\\/www.a-project.be\\\/#website\"},\"primaryImageOfPage\":{\"@id\":\"https:\\\/\\\/www.a-project.be\\\/fr\\\/dalles-de-tapis-bruxelles\\\/#primaryimage\"},\"image\":{\"@id\":\"https:\\\/\\\/www.a-project.be\\\/fr\\\/dalles-de-tapis-bruxelles\\\/#primaryimage\"},\"thumbnailUrl\":\"https:\\\/\\\/www.a-project.be\\\/wp-content\\\/uploads\\\/2018\\\/05\\\/Over-A-project-bovenaan.jpg\",\"datePublished\":\"2023-01-02T08:51:31+00:00\",\"dateModified\":\"2023-10-24T06:40:53+00:00\",\"description\":\"Nous fournissons plusieurs types de dalles de tapis pour votre bureau \u00e0 Bruxelles. D\u00e9couvrez tous nos services et profitez de nos services.\",\"breadcrumb\":{\"@id\":\"https:\\\/\\\/www.a-project.be\\\/fr\\\/dalles-de-tapis-bruxelles\\\/#breadcrumb\"},\"inLanguage\":\"fr-FR\",\"potentialAction\":[{\"@type\":\"ReadAction\",\"target\":[\"https:\\\/\\\/www.a-project.be\\\/fr\\\/dalles-de-tapis-bruxelles\\\/\"]}]},{\"@type\":\"ImageObject\",\"inLanguage\":\"fr-FR\",\"@id\":\"https:\\\/\\\/www.a-project.be\\\/fr\\\/dalles-de-tapis-bruxelles\\\/#primaryimage\",\"url\":\"https:\\\/\\\/www.a-project.be\\\/wp-content\\\/uploads\\\/2018\\\/05\\\/Over-A-project-bovenaan.jpg\",\"contentUrl\":\"https:\\\/\\\/www.a-project.be\\\/wp-content\\\/uploads\\\/2018\\\/05\\\/Over-A-project-bovenaan.jpg\",\"width\":1620,\"height\":1080},{\"@type\":\"BreadcrumbList\",\"@id\":\"https:\\\/\\\/www.a-project.be\\\/fr\\\/dalles-de-tapis-bruxelles\\\/#breadcrumb\",\"itemListElement\":[{\"@type\":\"ListItem\",\"position\":1,\"name\":\"Home\",\"item\":\"https:\\\/\\\/www.a-project.be\\\/fr\\\/\"},{\"@type\":\"ListItem\",\"position\":2,\"name\":\"Dalles de tapis \u00e0 Bruxelles\"}]},{\"@type\":\"WebSite\",\"@id\":\"https:\\\/\\\/www.a-project.be\\\/#website\",\"url\":\"https:\\\/\\\/www.a-project.be\\\/\",\"name\":\"A Project\",\"description\":\"Flooring and Interiors\",\"publisher\":{\"@id\":\"https:\\\/\\\/www.a-project.be\\\/#organization\"},\"potentialAction\":[{\"@type\":\"SearchAction\",\"target\":{\"@type\":\"EntryPoint\",\"urlTemplate\":\"https:\\\/\\\/www.a-project.be\\\/?s={search_term_string}\"},\"query-input\":{\"@type\":\"PropertyValueSpecification\",\"valueRequired\":true,\"valueName\":\"search_term_string\"}}],\"inLanguage\":\"fr-FR\"},{\"@type\":\"Organization\",\"@id\":\"https:\\\/\\\/www.a-project.be\\\/#organization\",\"name\":\"A Project\",\"url\":\"https:\\\/\\\/www.a-project.be\\\/\",\"logo\":{\"@type\":\"ImageObject\",\"inLanguage\":\"fr-FR\",\"@id\":\"https:\\\/\\\/www.a-project.be\\\/#\\\/schema\\\/logo\\\/image\\\/\",\"url\":\"https:\\\/\\\/www.a-project.be\\\/wp-content\\\/uploads\\\/2018\\\/01\\\/Aproject_logo_RGB.jpg\",\"contentUrl\":\"https:\\\/\\\/www.a-project.be\\\/wp-content\\\/uploads\\\/2018\\\/01\\\/Aproject_logo_RGB.jpg\",\"width\":3509,\"height\":2481,\"caption\":\"A Project\"},\"image\":{\"@id\":\"https:\\\/\\\/www.a-project.be\\\/#\\\/schema\\\/logo\\\/image\\\/\"}}]}<\/script>\n<!-- \/ Yoast SEO plugin. -->","yoast_head_json":{"title":"Des dalles de tapis pour votre bureau \u00e0 Bruxelles | A Project","description":"Nous fournissons plusieurs types de dalles de tapis pour votre bureau \u00e0 Bruxelles. D\u00e9couvrez tous nos services et profitez de nos services.","robots":{"index":"index","follow":"follow","max-snippet":"max-snippet:-1","max-image-preview":"max-image-preview:large","max-video-preview":"max-video-preview:-1"},"canonical":"https:\/\/www.a-project.be\/fr\/dalles-de-tapis-bruxelles\/","og_locale":"fr_FR","og_type":"article","og_title":"Des dalles de tapis pour votre bureau \u00e0 Bruxelles | A Project","og_description":"Nous fournissons plusieurs types de dalles de tapis pour votre bureau \u00e0 Bruxelles. D\u00e9couvrez tous nos services et profitez de nos services.","og_url":"https:\/\/www.a-project.be\/fr\/dalles-de-tapis-bruxelles\/","og_site_name":"A Project","article_modified_time":"2023-10-24T06:40:53+00:00","og_image":[{"width":1620,"height":1080,"url":"https:\/\/www.a-project.be\/wp-content\/uploads\/2018\/05\/Over-A-project-bovenaan.jpg","type":"image\/jpeg"}],"twitter_card":"summary_large_image","schema":{"@context":"https:\/\/schema.org","@graph":[{"@type":"WebPage","@id":"https:\/\/www.a-project.be\/fr\/dalles-de-tapis-bruxelles\/","url":"https:\/\/www.a-project.be\/fr\/dalles-de-tapis-bruxelles\/","name":"Des dalles de tapis pour votre bureau \u00e0 Bruxelles | A Project","isPartOf":{"@id":"https:\/\/www.a-project.be\/#website"},"primaryImageOfPage":{"@id":"https:\/\/www.a-project.be\/fr\/dalles-de-tapis-bruxelles\/#primaryimage"},"image":{"@id":"https:\/\/www.a-project.be\/fr\/dalles-de-tapis-bruxelles\/#primaryimage"},"thumbnailUrl":"https:\/\/www.a-project.be\/wp-content\/uploads\/2018\/05\/Over-A-project-bovenaan.jpg","datePublished":"2023-01-02T08:51:31+00:00","dateModified":"2023-10-24T06:40:53+00:00","description":"Nous fournissons plusieurs types de dalles de tapis pour votre bureau \u00e0 Bruxelles. D\u00e9couvrez tous nos services et profitez de nos services.","breadcrumb":{"@id":"https:\/\/www.a-project.be\/fr\/dalles-de-tapis-bruxelles\/#breadcrumb"},"inLanguage":"fr-FR","potentialAction":[{"@type":"ReadAction","target":["https:\/\/www.a-project.be\/fr\/dalles-de-tapis-bruxelles\/"]}]},{"@type":"ImageObject","inLanguage":"fr-FR","@id":"https:\/\/www.a-project.be\/fr\/dalles-de-tapis-bruxelles\/#primaryimage","url":"https:\/\/www.a-project.be\/wp-content\/uploads\/2018\/05\/Over-A-project-bovenaan.jpg","contentUrl":"https:\/\/www.a-project.be\/wp-content\/uploads\/2018\/05\/Over-A-project-bovenaan.jpg","width":1620,"height":1080},{"@type":"BreadcrumbList","@id":"https:\/\/www.a-project.be\/fr\/dalles-de-tapis-bruxelles\/#breadcrumb","itemListElement":[{"@type":"ListItem","position":1,"name":"Home","item":"https:\/\/www.a-project.be\/fr\/"},{"@type":"ListItem","position":2,"name":"Dalles de tapis \u00e0 Bruxelles"}]},{"@type":"WebSite","@id":"https:\/\/www.a-project.be\/#website","url":"https:\/\/www.a-project.be\/","name":"A Project","description":"Flooring and Interiors","publisher":{"@id":"https:\/\/www.a-project.be\/#organization"},"potentialAction":[{"@type":"SearchAction","target":{"@type":"EntryPoint","urlTemplate":"https:\/\/www.a-project.be\/?s={search_term_string}"},"query-input":{"@type":"PropertyValueSpecification","valueRequired":true,"valueName":"search_term_string"}}],"inLanguage":"fr-FR"},{"@type":"Organization","@id":"https:\/\/www.a-project.be\/#organization","name":"A Project","url":"https:\/\/www.a-project.be\/","logo":{"@type":"ImageObject","inLanguage":"fr-FR","@id":"https:\/\/www.a-project.be\/#\/schema\/logo\/image\/","url":"https:\/\/www.a-project.be\/wp-content\/uploads\/2018\/01\/Aproject_logo_RGB.jpg","contentUrl":"https:\/\/www.a-project.be\/wp-content\/uploads\/2018\/01\/Aproject_logo_RGB.jpg","width":3509,"height":2481,"caption":"A Project"},"image":{"@id":"https:\/\/www.a-project.be\/#\/schema\/logo\/image\/"}}]}},"_links":{"self":[{"href":"https:\/\/www.a-project.be\/fr\/wp-json\/wp\/v2\/pages\/675","targetHints":{"allow":["GET"]}}],"collection":[{"href":"https:\/\/www.a-project.be\/fr\/wp-json\/wp\/v2\/pages"}],"about":[{"href":"https:\/\/www.a-project.be\/fr\/wp-json\/wp\/v2\/types\/page"}],"author":[{"embeddable":true,"href":"https:\/\/www.a-project.be\/fr\/wp-json\/wp\/v2\/users\/2"}],"replies":[{"embeddable":true,"href":"https:\/\/www.a-project.be\/fr\/wp-json\/wp\/v2\/comments?post=675"}],"version-history":[{"count":7,"href":"https:\/\/www.a-project.be\/fr\/wp-json\/wp\/v2\/pages\/675\/revisions"}],"predecessor-version":[{"id":798,"href":"https:\/\/www.a-project.be\/fr\/wp-json\/wp\/v2\/pages\/675\/revisions\/798"}],"wp:featuredmedia":[{"embeddable":true,"href":"https:\/\/www.a-project.be\/fr\/wp-json\/wp\/v2\/media\/610"}],"wp:attachment":[{"href":"https:\/\/www.a-project.be\/fr\/wp-json\/wp\/v2\/media?parent=675"}],"curies":[{"name":"wp","href":"https:\/\/api.w.org\/{rel}","templated":true}]}}